{"id":2,"date":"2025-11-11T19:11:33","date_gmt":"2025-11-11T19:11:33","guid":{"rendered":"https:\/\/briskdisk.si\/?page_id=2"},"modified":"2025-11-11T20:50:42","modified_gmt":"2025-11-11T20:50:42","slug":"about-us","status":"publish","type":"page","link":"https:\/\/briskdisk.si\/","title":{"rendered":"About Us"},"content":{"rendered":"<h3>Brisk Disk, ra\u010dunalni\u0161tvo in ogla\u0161evanje, Sven Sambunjak, s.p.<br \/>\nUlica Elizabete Zorko 2<br \/>\n8250 Bre\u017eice<br \/>\nSlovenija<\/h3>\n<h3>M\u0160: 8739811000<br \/>\nD\u0160: SI 79148891<\/h3>\n","protected":false},"excerpt":{"rendered":"<p>Brisk Disk, ra\u010dunalni\u0161tvo in ogla\u0161evanje, Sven Sambunjak, s.p. Ulica Elizabete Zorko 2 8250 Bre\u017eice Slovenija M\u0160: 8739811000 D\u0160: SI 79148891<\/p>\n","protected":false},"author":1,"featured_media":0,"parent":0,"menu_order":0,"comment_status":"closed","ping_status":"closed","template":"","meta":{"footnotes":""},"class_list":["post-2","page","type-page","status-publish","hentry","entry"],"_links":{"self":[{"href":"https:\/\/briskdisk.si\/index.php\/wp-json\/wp\/v2\/pages\/2","targetHints":{"allow":["GET"]}}],"collection":[{"href":"https:\/\/briskdisk.si\/index.php\/wp-json\/wp\/v2\/pages"}],"about":[{"href":"https:\/\/briskdisk.si\/index.php\/wp-json\/wp\/v2\/types\/page"}],"author":[{"embeddable":true,"href":"https:\/\/briskdisk.si\/index.php\/wp-json\/wp\/v2\/users\/1"}],"replies":[{"embeddable":true,"href":"https:\/\/briskdisk.si\/index.php\/wp-json\/wp\/v2\/comments?post=2"}],"version-history":[{"count":5,"href":"https:\/\/briskdisk.si\/index.php\/wp-json\/wp\/v2\/pages\/2\/revisions"}],"predecessor-version":[{"id":50,"href":"https:\/\/briskdisk.si\/index.php\/wp-json\/wp\/v2\/pages\/2\/revisions\/50"}],"wp:attachment":[{"href":"https:\/\/briskdisk.si\/index.php\/wp-json\/wp\/v2\/media?parent=2"}],"curies":[{"name":"wp","href":"https:\/\/api.w.org\/{rel}","templated":true}]}}